{"id":1399,"date":"2018-04-11T22:53:56","date_gmt":"2018-04-11T20:53:56","guid":{"rendered":"http:\/\/miumauillustratorand.apps-1and1.net\/?page_id=1399"},"modified":"2019-09-25T12:18:07","modified_gmt":"2019-09-25T10:18:07","slug":"catstory","status":"publish","type":"page","link":"https:\/\/mammamiu.com\/de\/catstory\/","title":{"rendered":"Das Katzendrama"},"content":{"rendered":"<section class=\"l-section wpb_row height_medium\"><div class=\"l-section-h i-cf\"><div class=\"g-cols vc_row via_flex valign_top type_default stacking_default\"><div class=\"vc_col-sm-12 wpb_column vc_column_container\"><div class=\"vc_column-inner\"><div class=\"wpb_wrapper\"><div class=\"w-image align_center\"><div class=\"w-image-h\"><img loading=\"lazy\" decoding=\"async\" width=\"500\" height=\"500\" src=\"https:\/\/mammamiu.com\/wp-content\/uploads\/2018\/04\/1-1.jpg\" class=\"attachment-full size-full\" alt=\"\" srcset=\"https:\/\/mammamiu.com\/wp-content\/uploads\/2018\/04\/1-1.jpg 500w, https:\/\/mammamiu.com\/wp-content\/uploads\/2018\/04\/1-1-300x300.jpg 300w, https:\/\/mammamiu.com\/wp-content\/uploads\/2018\/04\/1-1-150x150.jpg 150w, https:\/\/mammamiu.com\/wp-content\/uploads\/2018\/04\/1-1-350x350.jpg 350w\" sizes=\"auto, (max-width: 500px) 100vw, 500px\" \/><\/div><\/div><div class=\"wpb_text_column\"><div class=\"wpb_wrapper\"><h1 style=\"text-align: center;\">Das Katzendrama<\/h1>\n<p><span>Fedor war ein wirklich gro\u00dfer (13 kg) wei\u00dfer Angora-Kater, der 14 Jahre lang bei mir war. Er ist auf den meisten meiner Illustrationen abgebildet, und hat \u00fcberall mitgemacht, bei allem was ich machte. Er ist auf dem Logo von meinem russischen Online-Shop&nbsp;<\/span><a href=\"http:\/\/belolap.ru\/\" target=\"_blank\" rel=\"noopener noreferrer\">Belolapik<\/a><span>&nbsp;(Der Name vom Shop bedeutet auch &#8220;Weisses Pf\u00f6tchen&#8221;), und er wird immer meine Lieblingsmuse sein! Er war bei mir, wenn ich gearbeitet habe, und als ich jahrelang krank war, wenn ich lachte und weinte.<\/span><\/p>\n<p><span>Fedor starb am 7 Juni 2013. Als ich die Nachricht \u00fcber seinen Tod in meinem Blog postete, haben Tausende von Lesern geschrieben, dass sie um ihn weinen. Um einen Kater, den sie nie gesehen haben! Sie hatten das Gef\u00fchl ihn zu kennen, und haben ihn liebgewonnen, weil ich mit so viel Liebe 14 Jahre lang fast jeden Tag etwas \u00fcber ihn gebloggt hatte.<\/span><\/p>\n<p><span>Ich werde ihn f\u00fcr immer in Erinnerung behalten, und er wird auch weiterhin in meinen Bildern vorkommen. Er ist weg, aber ich habe so viele sch\u00f6ne Geschichten, die uns verbinden, und so viele Zeichnungen von ihm.<\/span><\/p>\n<\/div><\/div><div class=\"w-image align_center\"><div class=\"w-image-h\"><img loading=\"lazy\" decoding=\"async\" width=\"800\" height=\"464\" src=\"https:\/\/mammamiu.com\/wp-content\/uploads\/2018\/04\/2-1-1.jpg\" class=\"attachment-full size-full\" alt=\"\" srcset=\"https:\/\/mammamiu.com\/wp-content\/uploads\/2018\/04\/2-1-1.jpg 800w, https:\/\/mammamiu.com\/wp-content\/uploads\/2018\/04\/2-1-1-600x348.jpg 600w, https:\/\/mammamiu.com\/wp-content\/uploads\/2018\/04\/2-1-1-300x174.jpg 300w, https:\/\/mammamiu.com\/wp-content\/uploads\/2018\/04\/2-1-1-768x445.jpg 768w\" sizes=\"auto, (max-width: 800px) 100vw, 800px\" \/><\/div><\/div><div class=\"wpb_text_column\"><div class=\"wpb_wrapper\"><p><span>Nachdem ich 2 Monate lang um Fedor geweint habe, verliebte ich mich ganz pl\u00f6tzlich in zwei Maine-Coon Damen. Das war nicht geplant, es passierte einfach, und prompt zogen die Katzen bei mir ein. Um gleich die meistgestellte Frage zu beantworten: Nein, sie werden nie meinen Fedor ersetzen, er hatte seine eigene Geschichte, und die bleibt, wie sie ist. Aber die beiden werden ihre eigene schreiben.<\/span><\/p>\n<\/div><\/div><div class=\"w-image align_center\"><div class=\"w-image-h\"><img loading=\"lazy\" decoding=\"async\" width=\"1050\" height=\"886\" src=\"https:\/\/mammamiu.com\/wp-content\/uploads\/2018\/04\/3-1.jpg\" class=\"attachment-full size-full\" alt=\"\" srcset=\"https:\/\/mammamiu.com\/wp-content\/uploads\/2018\/04\/3-1.jpg 1050w, https:\/\/mammamiu.com\/wp-content\/uploads\/2018\/04\/3-1-600x506.jpg 600w, https:\/\/mammamiu.com\/wp-content\/uploads\/2018\/04\/3-1-300x253.jpg 300w, https:\/\/mammamiu.com\/wp-content\/uploads\/2018\/04\/3-1-768x648.jpg 768w, https:\/\/mammamiu.com\/wp-content\/uploads\/2018\/04\/3-1-1024x864.jpg 1024w\" sizes=\"auto, (max-width: 1050px) 100vw, 1050px\" \/><\/div><\/div><\/div><\/div><\/div><\/div><\/div><\/section>\n","protected":false},"excerpt":{"rendered":"Das Katzendrama Fedor war ein wirklich gro\u00dfer (13 kg) wei\u00dfer Angora-Kater, der 14 Jahre lang bei mir war. Er ist auf den meisten meiner Illustrationen abgebildet, und hat \u00fcberall mitgemacht, bei allem was ich machte. Er ist auf dem Logo von meinem russischen Online-Shop&nbsp;Belolapik&nbsp;(Der Name vom Shop bedeutet auch &#8220;Weisses Pf\u00f6tchen&#8221;), und er wird immer...","protected":false},"author":1,"featured_media":0,"parent":0,"menu_order":0,"comment_status":"closed","ping_status":"closed","template":"","meta":{"ngg_post_thumbnail":0,"footnotes":""},"class_list":["post-1399","page","type-page","status-publish","hentry"],"yoast_head":"<!-- This site is optimized with the Yoast SEO plugin v27.3 - https:\/\/yoast.com\/product\/yoast-seo-wordpress\/ -->\n<title>Das Katzendrama - Miu Mau (\u042f\u043d\u0430 \u0424\u0440\u0430\u043d\u043a) - Illustrator<\/title>\n<meta name=\"robots\" content=\"index, follow, max-snippet:-1, max-image-preview:large, max-video-preview:-1\" \/>\n<link rel=\"canonical\" href=\"https:\/\/mammamiu.com\/catstory\/\" \/>\n<meta property=\"og:locale\" content=\"en_US\" \/>\n<meta property=\"og:type\" content=\"article\" \/>\n<meta property=\"og:title\" content=\"Das Katzendrama - Miu Mau (\u042f\u043d\u0430 \u0424\u0440\u0430\u043d\u043a) - Illustrator\" \/>\n<meta property=\"og:url\" content=\"https:\/\/mammamiu.com\/de\/catstory\/\" \/>\n<meta property=\"og:site_name\" content=\"Miu Mau (\u042f\u043d\u0430 \u0424\u0440\u0430\u043d\u043a) - Illustrator\" \/>\n<meta property=\"article:modified_time\" content=\"2019-09-25T10:18:07+00:00\" \/>\n<meta name=\"twitter:label1\" content=\"Est. reading time\" \/>\n\t<meta name=\"twitter:data1\" content=\"1 minute\" \/>\n<script type=\"application\/ld+json\" class=\"yoast-schema-graph\">{\"@context\":\"https:\\\/\\\/schema.org\",\"@graph\":[{\"@type\":\"WebPage\",\"@id\":\"https:\\\/\\\/mammamiu.com\\\/de\\\/catstory\\\/\",\"url\":\"https:\\\/\\\/mammamiu.com\\\/de\\\/catstory\\\/\",\"name\":\"Das Katzendrama - Miu Mau (\u042f\u043d\u0430 \u0424\u0440\u0430\u043d\u043a) - Illustrator\",\"isPartOf\":{\"@id\":\"https:\\\/\\\/mammamiu.com\\\/de\\\/#website\"},\"datePublished\":\"2018-04-11T20:53:56+00:00\",\"dateModified\":\"2019-09-25T10:18:07+00:00\",\"breadcrumb\":{\"@id\":\"https:\\\/\\\/mammamiu.com\\\/de\\\/catstory\\\/#breadcrumb\"},\"inLanguage\":\"en-US\",\"potentialAction\":[{\"@type\":\"ReadAction\",\"target\":[\"https:\\\/\\\/mammamiu.com\\\/de\\\/catstory\\\/\"]}]},{\"@type\":\"BreadcrumbList\",\"@id\":\"https:\\\/\\\/mammamiu.com\\\/de\\\/catstory\\\/#breadcrumb\",\"itemListElement\":[{\"@type\":\"ListItem\",\"position\":1,\"name\":\"Home\",\"item\":\"https:\\\/\\\/mammamiu.com\\\/\"},{\"@type\":\"ListItem\",\"position\":2,\"name\":\"Das Katzendrama\"}]},{\"@type\":\"WebSite\",\"@id\":\"https:\\\/\\\/mammamiu.com\\\/de\\\/#website\",\"url\":\"https:\\\/\\\/mammamiu.com\\\/de\\\/\",\"name\":\"Miu Mau (\u042f\u043d\u0430 \u0424\u0440\u0430\u043d\u043a) - Illustrator\",\"description\":\"Illustration and small edition gifts\",\"potentialAction\":[{\"@type\":\"SearchAction\",\"target\":{\"@type\":\"EntryPoint\",\"urlTemplate\":\"https:\\\/\\\/mammamiu.com\\\/de\\\/?s={search_term_string}\"},\"query-input\":{\"@type\":\"PropertyValueSpecification\",\"valueRequired\":true,\"valueName\":\"search_term_string\"}}],\"inLanguage\":\"en-US\"}]}<\/script>\n<!-- \/ Yoast SEO plugin. -->","yoast_head_json":{"title":"Das Katzendrama - Miu Mau (\u042f\u043d\u0430 \u0424\u0440\u0430\u043d\u043a) - Illustrator","robots":{"index":"index","follow":"follow","max-snippet":"max-snippet:-1","max-image-preview":"max-image-preview:large","max-video-preview":"max-video-preview:-1"},"canonical":"https:\/\/mammamiu.com\/catstory\/","og_locale":"en_US","og_type":"article","og_title":"Das Katzendrama - Miu Mau (\u042f\u043d\u0430 \u0424\u0440\u0430\u043d\u043a) - Illustrator","og_url":"https:\/\/mammamiu.com\/de\/catstory\/","og_site_name":"Miu Mau (\u042f\u043d\u0430 \u0424\u0440\u0430\u043d\u043a) - Illustrator","article_modified_time":"2019-09-25T10:18:07+00:00","twitter_misc":{"Est. reading time":"1 minute"},"schema":{"@context":"https:\/\/schema.org","@graph":[{"@type":"WebPage","@id":"https:\/\/mammamiu.com\/de\/catstory\/","url":"https:\/\/mammamiu.com\/de\/catstory\/","name":"Das Katzendrama - Miu Mau (\u042f\u043d\u0430 \u0424\u0440\u0430\u043d\u043a) - Illustrator","isPartOf":{"@id":"https:\/\/mammamiu.com\/de\/#website"},"datePublished":"2018-04-11T20:53:56+00:00","dateModified":"2019-09-25T10:18:07+00:00","breadcrumb":{"@id":"https:\/\/mammamiu.com\/de\/catstory\/#breadcrumb"},"inLanguage":"en-US","potentialAction":[{"@type":"ReadAction","target":["https:\/\/mammamiu.com\/de\/catstory\/"]}]},{"@type":"BreadcrumbList","@id":"https:\/\/mammamiu.com\/de\/catstory\/#breadcrumb","itemListElement":[{"@type":"ListItem","position":1,"name":"Home","item":"https:\/\/mammamiu.com\/"},{"@type":"ListItem","position":2,"name":"Das Katzendrama"}]},{"@type":"WebSite","@id":"https:\/\/mammamiu.com\/de\/#website","url":"https:\/\/mammamiu.com\/de\/","name":"Miu Mau (\u042f\u043d\u0430 \u0424\u0440\u0430\u043d\u043a) - Illustrator","description":"Illustration and small edition gifts","potentialAction":[{"@type":"SearchAction","target":{"@type":"EntryPoint","urlTemplate":"https:\/\/mammamiu.com\/de\/?s={search_term_string}"},"query-input":{"@type":"PropertyValueSpecification","valueRequired":true,"valueName":"search_term_string"}}],"inLanguage":"en-US"}]}},"jetpack_sharing_enabled":true,"_links":{"self":[{"href":"https:\/\/mammamiu.com\/de\/wp-json\/wp\/v2\/pages\/1399\/"}],"collection":[{"href":"https:\/\/mammamiu.com\/de\/wp-json\/wp\/v2\/pages\/"}],"about":[{"href":"https:\/\/mammamiu.com\/de\/wp-json\/wp\/v2\/types\/page\/"}],"author":[{"embeddable":true,"href":"https:\/\/mammamiu.com\/de\/wp-json\/wp\/v2\/users\/1\/"}],"replies":[{"embeddable":true,"href":"https:\/\/mammamiu.com\/de\/wp-json\/wp\/v2\/comments\/?post=1399"}],"version-history":[{"count":7,"href":"https:\/\/mammamiu.com\/de\/wp-json\/wp\/v2\/pages\/1399\/revisions\/"}],"predecessor-version":[{"id":5119,"href":"https:\/\/mammamiu.com\/de\/wp-json\/wp\/v2\/pages\/1399\/revisions\/5119\/"}],"wp:attachment":[{"href":"https:\/\/mammamiu.com\/de\/wp-json\/wp\/v2\/media\/?parent=1399"}],"curies":[{"name":"wp","href":"https:\/\/api.w.org\/{rel}","templated":true}]}}