{"id":469,"date":"2018-03-27T16:41:17","date_gmt":"2018-03-27T14:41:17","guid":{"rendered":"http:\/\/miumauillustratorand.apps-1and1.net\/?page_id=469"},"modified":"2023-04-24T14:05:23","modified_gmt":"2023-04-24T12:05:23","slug":"about","status":"publish","type":"page","link":"https:\/\/mammamiu.com\/de\/about\/","title":{"rendered":"\u00dcber mich"},"content":{"rendered":"<section class=\"l-section wpb_row height_medium\"><div class=\"l-section-h i-cf\"><div class=\"g-cols vc_row via_flex valign_top type_default stacking_default\"><div class=\"vc_col-sm-8 wpb_column vc_column_container\"><div class=\"vc_column-inner\"><div class=\"wpb_wrapper\"><div class=\"g-cols wpb_row via_flex valign_top type_default stacking_default\"><div class=\"vc_col-sm-12 wpb_column vc_column_container\"><div class=\"vc_column-inner\"><div class=\"wpb_wrapper\"><div class=\"wpb_text_column\"><div class=\"wpb_wrapper\"><h2 style=\"text-align: center;\">Meine Geschichte:<\/h2>\n<p>Ich bin Jana Frank, im Internet bekannt als Miu Mau. Illustratorin, Buchautorin und Bloggerin.<\/p>\n<p>Geboren in Mittelasien (ehemalige UdSSR), lebe in Berlin seit 1990.<\/p>\n<p>Ich habe als Illustratorin gearbeitet und Comics gezeichnet, habe Werbegrafik studiert, und dann als Designerin, Art Director und Creative Director in Agenturen gearbeitet.<\/p>\n<p>2002 habe ich meine Designer-Karriere beendet um zur Illustration zur\u00fcckzukehren.<\/p>\n<p>2003 bin ich an Krebs erkrankt, und konnte deshalb&nbsp; 2 Jahre nicht arbeiten. In der Zeit hatte ich 12 Operationen, eine Chemotherapie und 2 Reisen ins Jenseits. In dieser ganzen Zeit habe ich mein Blog weitergeschrieben. Obwohl es in der Zeit fast nur Berichte aus dem Krankenhaus gab, ist mein Auditorium rapide gewachsen.<\/p>\n<p>Nach der Krankheit arbeitete ich an meiner Rehabilitation, zeichnete Illustrationen, schrieb mein Blog und B\u00fccher und er\u00f6ffnete einen Online-Shop. Die Themen meiner B\u00fccher und Blog-Posts sind Selbstverwirklichung, Kreativit\u00e4t, Gesundheit, Gl\u00fcck. Und wie man von kreativer Arbeit lebt.<\/p>\n<p>Im Dezember 2014 fing ich an rapide mein Augenlicht zu verlieren. Dies entpuppte sich als eine Sp\u00e4tfolge meiner Chemotherapie. In den n\u00e4chsten 3 Jahren hatte ich mehrere Augen Operationen. Die \u00c4rtze konnten mein Augenlicht retten, aber das Bild das ich sehe ist stark verkr\u00fcmmt und gest\u00f6rt. \u00c4rzte behaupten, dass ich mein Serverm\u00f6gen verbessern kann. Aber eine Verbesserung der Augen ist nicht mehr m\u00f6glich. Ich kann nur meinem Gehirn beibringen \u201erichtiger\u201c zu interpretieren, was ich sehe. Seitdem versuche ich meinem Gehirn beizubringen besser zu sehen. &nbsp;&nbsp;Zu meinen Interessen (und Themen \u00fcber die ich schreibe) kamen einige hinzu. Zum Beilspiel Biofeedback, Neurofeedback, Neurologie und die verborgenen M\u00f6glichkeiten des menschlichen Gehirns. &nbsp;<\/p>\n<p>Ich arbeite auch immer wieder mit Kranken Menschen und mache wohlt\u00e4tige Projekte. (z.b. <a href=\"https:\/\/mammamiu.com\/de\/battle-inside\/\">&#8220;Battle Inside&#8221;<\/a>)<\/p>\n<p>Immer wenn ich nicht zeichne oder etwas kreatives mache verbringe ich meine Zeit mit Rehasport, und dem Versuch mein Sehen, meine Koordination und meine Gesundheit zu verbessern.<\/p>\n<p>Ich zeichne Illustrationen, mache kleine Auflagen von Sachen mit meinen Illustrationen, schreibe mein Blog und B\u00fccher. Und manchmal gebe ich Seminare und Workshops oder unterrichke als Gast-Dozentin an Kunstschulen.<\/p>\n<h2 style=\"text-align: center;\">\u00dcbrigens:<\/h2>\n<p>&#8211; Alle meine Projekte und Reisen (und der Gro\u00dfteil meines Lebens) werden in meinem russischen Blog<span>&nbsp;<\/span><a style=\"text-decoration: none;\" href=\"http:\/\/miumau.livejournal.com\" target=\"_blank\" rel=\"noopener noreferrer\">miumau.livejournal.com<\/a><span>&nbsp;<\/span>beschrieben.<\/p>\n<p>&#8211; Das Blog hat \u00fcber 45 000 Abonnenten und wird t\u00e4glich von ca 70 000-100 000 Lesern besucht.<\/p>\n<p>&#8211; Es ist unter den Top 10 im Rating aller russischen Blogs (das ca 10 mio Blogs listet).<\/p>\n<p>&#8211; Es hat \u00fcber 10000 Posts (in den letzten Jahren \u2013 ca. 1000 im Jahr).<\/p>\n<p>&#8211; Es wird monatlich von \u00fcber 2 500 000 Lesern besucht.<\/p>\n<p>&#8211; &nbsp;Sie schreiben mir \u00fcber 100 000 Kommentare im Jahr, und ich lese sie alle!<\/p>\n<p>&#8211; Also \u2013 wenn Sie eins meiner Projekte unterst\u00fctzen wollen, einen Job f\u00fcr mich haben, oder mich auf eine Reise schicken wollen \u2013 schreiben Sie mir!<\/p>\n<p>Sie k\u00f6nnen auch einen eigenen Werbe-Post in meinem Blog bestellen (in Russisch).<\/p>\n<\/div><\/div><\/div><\/div><\/div><\/div><div class=\"g-cols wpb_row via_flex valign_top type_default stacking_default\"><div class=\"vc_col-sm-12 wpb_column vc_column_container\"><div class=\"vc_column-inner\"><div class=\"wpb_wrapper\"><div class=\"w-tabs style_default switch_click accordion has_scrolling\" style=\"--sections-title-size:30px\"><div class=\"w-tabs-sections titles-align_none icon_plus cpos_right\"><div class=\"w-tabs-section\" id=\"1523479079918-fe63c8a6-c0fa\"><button class=\"w-tabs-section-header\" aria-controls=\"content-1523479079918-fe63c8a6-c0fa\" aria-expanded=\"false\"><h1 class=\"w-tabs-section-title\">Kompletter Lebenslauf:<\/h1><div class=\"w-tabs-section-control\"><\/div><\/button><div  class=\"w-tabs-section-content\" id=\"content-1523479079918-fe63c8a6-c0fa\"><div class=\"w-tabs-section-content-h i-cf\"><div class=\"wpb_text_column\"><div class=\"wpb_wrapper\"><div class=\"col\">\n<p>&#8211; 1972 &#8211; geboren in Duschanbe, in Mittelasien, in der ehemaligen UdSSR.<br \/>\n&#8211; 1986-1990 Grafikdesign Studium an der Kunstschule in Duschanbe.<br \/>\n&#8211; Gleichzeitig: Arbeit als Illustrator f\u00fcr Magazine und als Layouter f\u00fcr eine Zeitung.<br \/>\n&#8211; 1990 \u2013 Umzug nach Berlin.<br \/>\n&#8211; 1991 \u2013 Wurde mein Sohn David geboren.<br \/>\n&#8211; 1991-1995 \u2013 Werbegrafik Studium an der Kunsthochschule in Z\u00fcrich.<br \/>\n&#8211; 1995-1996 \u2013 Computergrafik Studium bei CIMdata in Berlin.<br \/>\n&#8211; 1992-1996 \u2013 Arbeit als Comiczeichnerin und freiberufliche Designerin.<br \/>\n&#8211; 1996-1997 \u2013 Arbeit als Print-designerin in der Kulturfabrik, Berlin.<br \/>\n&#8211; 1997-1998 \u2013 Unterrichtete ich Photoshop und Webdesign in der Internet Akademie in Berlin.<br \/>\n&#8211; 1998-1999 \u2013 Art-Director bei Tagesspiegel-Online in Berlin.<br \/>\n&#8211; 1999-2001 \u2013 Creative-Director bei I-D Media, Berlin.<br \/>\n&#8211; 2001-2002 \u2013 Creative-Director beim Art. Lebedev Studio, Berlin<\/p>\n<p>In dieser Zeit habe ich zahlreiche Layouts f\u00fcr Zeitungen, CD-Cover, Kataloge und Booklets gestaltet,<\/p>\n<p>\u2013 Designs f\u00fcr 254 Flyer und unz\u00e4hlige Einladungen und Werbezettel&nbsp;<\/p>\n<p>\u2013 17 Verpackungs-Designs, 98 Poster, ca 10 000 Zeichnungen, einschlie\u00dflich Comics, ca 500 Illustrationen<span>&nbsp;<\/span><br \/>\n\u2013 ca. 300 website-Designs inclusive Design-Relaunches und Redesigns.<\/p>\n<p>\u2013 F\u00fcr Kunden wie Swatch, Wallpaper, Swarovski, Activest, Agfa, Deutsche Telekom, T-Online Deutschland, T-Mobile Deutschland, T-Com Deutschland, Alcatel, Aeropa, Avanturo, Bee Dees, Camel, E-ON, Living Screen, Lee Jeans, Hamilton Watch, Red Zac, Wella, Winkreative, Yello Strom, Cynigma, E-Cyas, Sony-Europe, Loewe, Europcar, Anatoliy Olshanskiy and GRAN Guitar und einige andere.<\/p>\n<p>&#8211; 2002 \u2013 Ende der Art-Director und Design- Karriere. Ich habe alles erreicht, was ich in diesem Bereich erreichen wollte, und beschloss zum Malen und Zeichnen zur\u00fcckzukehren.<\/p>\n<p>&#8211; 15 November 2003 \u2013 Zusammenbruch, und erste OP, Krebsdiagnose.<br \/>\n&#8211; 25 November 2003 \u2013 erster Besuch im Jenseits<br \/>\n&#8211; August 20, 2004 \u2013 nach 3 OP\u2019s und 8 Monaten Chemotherapie \u2013 zweiter Besuch auf der anderen Seite.<br \/>\n&#8211; 2005 &#8211; Neustart als Freelance Illustratorin.<\/p>\n<\/div>\n<\/div><\/div><\/div><\/div><\/div><div class=\"w-tabs-section\" id=\"1523479079944-7130758f-7253\"><button class=\"w-tabs-section-header\" aria-controls=\"content-1523479079944-7130758f-7253\" aria-expanded=\"false\"><h1 class=\"w-tabs-section-title\">Komplette Kundenliste<\/h1><div class=\"w-tabs-section-control\"><\/div><\/button><div  class=\"w-tabs-section-content\" id=\"content-1523479079944-7130758f-7253\"><div class=\"w-tabs-section-content-h i-cf\"><div class=\"wpb_text_column\"><div class=\"wpb_wrapper\"><h1>&nbsp;<\/h1>\n<h1>&nbsp;<\/h1>\n<h2 style=\"text-align: center;\">Illustration:<\/h2>\n<p><span>Afisha Magazine, Art. Lebedev Studio, Bolshoy Gorod magazine, Burda magazine, Cosmopolitan magazine, ELLE magazine, Forbes magazine, GEO Focus magazine, IKEA, Marie Claire magazine, Men\u2019s Health magazine, Men\u2019s Fitness magazine, Oooops! magazine, Playboy Magazine, Red Zac, Rolling Stone magazine, Seventeen magazine, Sony, Telekom Germany, Vogue magazine, Wallpaper*.<\/span><\/p>\n<h2 style=\"text-align: center;\">Design:<\/h2>\n<p><span>Activest, Activ Consult, AGFA, Alcatel, Anatoliy Olshanskiy, Areopa, Artmust, Avanturo, Akademie.de, Bee Dees, Big Brother, Boulevard Online, Burda, Cabinet, Camel, Daimler Chrysler, Davidoff, D-Immo, E.ON, ERGO, Hamilton Watch, Hewlett Packard, Intel, Lastminute.com, Lee Jeans, Loewe, Maisel, Mediavivison, Meinberlin.de, Metronet, MOMA, Mustang, Objektform, Otto, Peter Stuywesant Travel, Price Waterhouse Coopers, Primus Online, R1, Red Zac, Reemtsma, Renault, Robinson Club, SAP, Sony Europe, Sports.com, Swarovski, Swatch, T-D1, Tagesspiegel Online, Telekom, T-Info, T-Mobile, T-Systems, TSM Berlin, TUI, Trimondo, Urban Media, Viag Intercom, Volkswagen, Wallpaper*, Warner Brothers, Wella, West, Winkmedia, Wolff und Lehmann, Yello Strom, Zitty Online, 1860 Muenchen, 20-th Century Fox.<\/span><\/p>\n<\/div><\/div><\/div><\/div><\/div><\/div><\/div><\/div><\/div><\/div><\/div><div class=\"g-cols wpb_row via_flex valign_top type_default stacking_default\"><div class=\"vc_col-sm-12 wpb_column vc_column_container\"><div class=\"vc_column-inner\"><div class=\"wpb_wrapper\"><div class=\"wpb_text_column\"><div class=\"wpb_wrapper\"><p style=\"text-align: center;\">P.S. Warum sind so viele wei\u00dfe Katzen in meinen Bildern? <a href=\"https:\/\/mammamiu.com\/de\/catstory\/\">Das Katzendrama<\/a><\/p>\n<p><img loading=\"lazy\" decoding=\"async\" class=\"aligncenter wp-image-1396 size-full\" src=\"https:\/\/mammamiu.com\/wp-content\/uploads\/2018\/04\/5.jpg\" alt=\"\" width=\"400\" height=\"400\" srcset=\"https:\/\/mammamiu.com\/wp-content\/uploads\/2018\/04\/5.jpg 400w, https:\/\/mammamiu.com\/wp-content\/uploads\/2018\/04\/5-300x300.jpg 300w, https:\/\/mammamiu.com\/wp-content\/uploads\/2018\/04\/5-150x150.jpg 150w, https:\/\/mammamiu.com\/wp-content\/uploads\/2018\/04\/5-350x350.jpg 350w\" sizes=\"auto, (max-width: 400px) 100vw, 400px\" \/><\/p>\n<p>&nbsp;<\/p>\n<\/div><\/div><\/div><\/div><\/div><\/div><\/div><\/div><\/div><div class=\"vc_col-sm-4 wpb_column vc_column_container\"><div class=\"vc_column-inner\"><div class=\"wpb_wrapper\"><div class=\"g-cols wpb_row us_custom_8c42ed40 via_flex valign_top type_default stacking_default\"><div class=\"vc_col-sm-12 wpb_column vc_column_container\"><div class=\"vc_column-inner us_custom_3188818e\"><div class=\"wpb_wrapper\"><div class=\"w-image align_none\"><div class=\"w-image-h\"><img loading=\"lazy\" decoding=\"async\" width=\"300\" height=\"231\" src=\"https:\/\/mammamiu.com\/wp-content\/uploads\/2023\/04\/335_me-300x231-1.jpg\" class=\"attachment-full size-full\" alt=\"\" \/><\/div><\/div><\/div><\/div><\/div><\/div><div class=\"w-separator size_small\"><\/div><div class=\"g-cols wpb_row us_custom_7a04f8a4 via_flex valign_top type_default stacking_default\"><div class=\"vc_col-sm-12 wpb_column vc_column_container\"><div class=\"vc_column-inner\"><div class=\"wpb_wrapper\"><div class=\"w-image align_none\"><div class=\"w-image-h\"><img loading=\"lazy\" decoding=\"async\" width=\"300\" height=\"231\" src=\"https:\/\/mammamiu.com\/wp-content\/uploads\/2023\/04\/4-300x231-1.jpg\" class=\"attachment-large size-large\" alt=\"\" \/><\/div><\/div><\/div><\/div><\/div><\/div><div class=\"w-separator size_small\"><\/div><div class=\"g-cols wpb_row via_flex valign_top type_default stacking_default\"><div class=\"vc_col-sm-12 wpb_column vc_column_container\"><div class=\"vc_column-inner\"><div class=\"wpb_wrapper\"><div class=\"w-image align_none\"><div class=\"w-image-h\"><img loading=\"lazy\" decoding=\"async\" width=\"300\" height=\"231\" src=\"https:\/\/mammamiu.com\/wp-content\/uploads\/2023\/04\/3-300x231-1.jpg\" class=\"attachment-full size-full\" alt=\"\" \/><\/div><\/div><\/div><\/div><\/div><\/div><div class=\"w-separator size_small\"><\/div><div class=\"g-cols wpb_row via_flex valign_top type_default stacking_default\"><div class=\"vc_col-sm-12 wpb_column vc_column_container\"><div class=\"vc_column-inner\"><div class=\"wpb_wrapper\"><div class=\"w-image align_none\"><div class=\"w-image-h\"><img loading=\"lazy\" decoding=\"async\" width=\"300\" height=\"300\" src=\"https:\/\/mammamiu.com\/wp-content\/uploads\/2023\/04\/2-300x300-1.jpg\" class=\"attachment-large size-large\" alt=\"\" srcset=\"https:\/\/mammamiu.com\/wp-content\/uploads\/2023\/04\/2-300x300-1.jpg 300w, https:\/\/mammamiu.com\/wp-content\/uploads\/2023\/04\/2-300x300-1-150x150.jpg 150w\" sizes=\"auto, (max-width: 300px) 100vw, 300px\" \/><\/div><\/div><div class=\"w-separator size_small\"><\/div><\/div><\/div><\/div><\/div><div class=\"g-cols wpb_row via_flex valign_top type_default stacking_default\"><div class=\"vc_col-sm-12 wpb_column vc_column_container\"><div class=\"vc_column-inner\"><div class=\"wpb_wrapper\"><div class=\"w-image align_none\"><div class=\"w-image-h\"><img loading=\"lazy\" decoding=\"async\" width=\"249\" height=\"300\" src=\"https:\/\/mammamiu.com\/wp-content\/uploads\/2023\/04\/miu-249x300-1.jpg\" class=\"attachment-full size-full\" alt=\"\" \/><\/div><\/div><\/div><\/div><\/div><\/div><\/div><\/div><\/div><div class=\"vc_col-sm-4 wpb_column vc_column_container\"><div class=\"vc_column-inner\"><div class=\"wpb_wrapper\"><\/div><\/div><\/div><\/div><\/div><\/section><section class=\"l-section wpb_row height_small\"><div class=\"l-section-h i-cf\"><div class=\"g-cols vc_row via_flex valign_top type_default stacking_default\"><div class=\"vc_col-sm-12 wpb_column vc_column_container\"><div class=\"vc_column-inner\"><div class=\"wpb_wrapper\"><\/div><\/div><\/div><\/div><\/div><\/section>\n","protected":false},"excerpt":{"rendered":"Meine Geschichte: Ich bin Jana Frank, im Internet bekannt als Miu Mau. Illustratorin, Buchautorin und Bloggerin. Geboren in Mittelasien (ehemalige UdSSR), lebe in Berlin seit 1990. Ich habe als Illustratorin gearbeitet und Comics gezeichnet, habe Werbegrafik studiert, und dann als Designerin, Art Director und Creative Director in Agenturen gearbeitet. 2002 habe ich meine Designer-Karriere beendet...","protected":false},"author":1,"featured_media":0,"parent":0,"menu_order":0,"comment_status":"closed","ping_status":"closed","template":"","meta":{"ngg_post_thumbnail":0,"footnotes":""},"class_list":["post-469","page","type-page","status-publish","hentry"],"yoast_head":"<!-- This site is optimized with the Yoast SEO plugin v27.4 - https:\/\/yoast.com\/product\/yoast-seo-wordpress\/ -->\n<title>\u00dcber mich - Miu Mau (\u042f\u043d\u0430 \u0424\u0440\u0430\u043d\u043a) - Illustrator<\/title>\n<meta name=\"robots\" content=\"index, follow, max-snippet:-1, max-image-preview:large, max-video-preview:-1\" \/>\n<link rel=\"canonical\" href=\"https:\/\/mammamiu.com\/about\/\" \/>\n<meta property=\"og:locale\" content=\"en_US\" \/>\n<meta property=\"og:type\" content=\"article\" \/>\n<meta property=\"og:title\" content=\"\u00dcber mich - Miu Mau (\u042f\u043d\u0430 \u0424\u0440\u0430\u043d\u043a) - Illustrator\" \/>\n<meta property=\"og:url\" content=\"https:\/\/mammamiu.com\/de\/about\/\" \/>\n<meta property=\"og:site_name\" content=\"Miu Mau (\u042f\u043d\u0430 \u0424\u0440\u0430\u043d\u043a) - Illustrator\" \/>\n<meta property=\"article:modified_time\" content=\"2023-04-24T12:05:23+00:00\" \/>\n<meta property=\"og:image\" content=\"https:\/\/mammamiu.com\/wp-content\/uploads\/2018\/04\/5.jpg\" \/>\n<meta name=\"twitter:label1\" content=\"Est. reading time\" \/>\n\t<meta name=\"twitter:data1\" content=\"5 minutes\" \/>\n<script type=\"application\/ld+json\" class=\"yoast-schema-graph\">{\"@context\":\"https:\\\/\\\/schema.org\",\"@graph\":[{\"@type\":\"WebPage\",\"@id\":\"https:\\\/\\\/mammamiu.com\\\/de\\\/about\\\/\",\"url\":\"https:\\\/\\\/mammamiu.com\\\/de\\\/about\\\/\",\"name\":\"\u00dcber mich - Miu Mau (\u042f\u043d\u0430 \u0424\u0440\u0430\u043d\u043a) - Illustrator\",\"isPartOf\":{\"@id\":\"https:\\\/\\\/mammamiu.com\\\/de\\\/#website\"},\"primaryImageOfPage\":{\"@id\":\"https:\\\/\\\/mammamiu.com\\\/de\\\/about\\\/#primaryimage\"},\"image\":{\"@id\":\"https:\\\/\\\/mammamiu.com\\\/de\\\/about\\\/#primaryimage\"},\"thumbnailUrl\":\"https:\\\/\\\/mammamiu.com\\\/wp-content\\\/uploads\\\/2018\\\/04\\\/5.jpg\",\"datePublished\":\"2018-03-27T14:41:17+00:00\",\"dateModified\":\"2023-04-24T12:05:23+00:00\",\"breadcrumb\":{\"@id\":\"https:\\\/\\\/mammamiu.com\\\/de\\\/about\\\/#breadcrumb\"},\"inLanguage\":\"en-US\",\"potentialAction\":[{\"@type\":\"ReadAction\",\"target\":[\"https:\\\/\\\/mammamiu.com\\\/de\\\/about\\\/\"]}]},{\"@type\":\"ImageObject\",\"inLanguage\":\"en-US\",\"@id\":\"https:\\\/\\\/mammamiu.com\\\/de\\\/about\\\/#primaryimage\",\"url\":\"https:\\\/\\\/mammamiu.com\\\/wp-content\\\/uploads\\\/2018\\\/04\\\/5.jpg\",\"contentUrl\":\"https:\\\/\\\/mammamiu.com\\\/wp-content\\\/uploads\\\/2018\\\/04\\\/5.jpg\"},{\"@type\":\"BreadcrumbList\",\"@id\":\"https:\\\/\\\/mammamiu.com\\\/de\\\/about\\\/#breadcrumb\",\"itemListElement\":[{\"@type\":\"ListItem\",\"position\":1,\"name\":\"Home\",\"item\":\"https:\\\/\\\/mammamiu.com\\\/\"},{\"@type\":\"ListItem\",\"position\":2,\"name\":\"\u00dcber mich\"}]},{\"@type\":\"WebSite\",\"@id\":\"https:\\\/\\\/mammamiu.com\\\/de\\\/#website\",\"url\":\"https:\\\/\\\/mammamiu.com\\\/de\\\/\",\"name\":\"Miu Mau (\u042f\u043d\u0430 \u0424\u0440\u0430\u043d\u043a) - Illustrator\",\"description\":\"Illustration and small edition gifts\",\"potentialAction\":[{\"@type\":\"SearchAction\",\"target\":{\"@type\":\"EntryPoint\",\"urlTemplate\":\"https:\\\/\\\/mammamiu.com\\\/de\\\/?s={search_term_string}\"},\"query-input\":{\"@type\":\"PropertyValueSpecification\",\"valueRequired\":true,\"valueName\":\"search_term_string\"}}],\"inLanguage\":\"en-US\"}]}<\/script>\n<!-- \/ Yoast SEO plugin. -->","yoast_head_json":{"title":"\u00dcber mich - Miu Mau (\u042f\u043d\u0430 \u0424\u0440\u0430\u043d\u043a) - Illustrator","robots":{"index":"index","follow":"follow","max-snippet":"max-snippet:-1","max-image-preview":"max-image-preview:large","max-video-preview":"max-video-preview:-1"},"canonical":"https:\/\/mammamiu.com\/about\/","og_locale":"en_US","og_type":"article","og_title":"\u00dcber mich - Miu Mau (\u042f\u043d\u0430 \u0424\u0440\u0430\u043d\u043a) - Illustrator","og_url":"https:\/\/mammamiu.com\/de\/about\/","og_site_name":"Miu Mau (\u042f\u043d\u0430 \u0424\u0440\u0430\u043d\u043a) - Illustrator","article_modified_time":"2023-04-24T12:05:23+00:00","og_image":[{"url":"https:\/\/mammamiu.com\/wp-content\/uploads\/2018\/04\/5.jpg","type":"","width":"","height":""}],"twitter_misc":{"Est. reading time":"5 minutes"},"schema":{"@context":"https:\/\/schema.org","@graph":[{"@type":"WebPage","@id":"https:\/\/mammamiu.com\/de\/about\/","url":"https:\/\/mammamiu.com\/de\/about\/","name":"\u00dcber mich - Miu Mau (\u042f\u043d\u0430 \u0424\u0440\u0430\u043d\u043a) - Illustrator","isPartOf":{"@id":"https:\/\/mammamiu.com\/de\/#website"},"primaryImageOfPage":{"@id":"https:\/\/mammamiu.com\/de\/about\/#primaryimage"},"image":{"@id":"https:\/\/mammamiu.com\/de\/about\/#primaryimage"},"thumbnailUrl":"https:\/\/mammamiu.com\/wp-content\/uploads\/2018\/04\/5.jpg","datePublished":"2018-03-27T14:41:17+00:00","dateModified":"2023-04-24T12:05:23+00:00","breadcrumb":{"@id":"https:\/\/mammamiu.com\/de\/about\/#breadcrumb"},"inLanguage":"en-US","potentialAction":[{"@type":"ReadAction","target":["https:\/\/mammamiu.com\/de\/about\/"]}]},{"@type":"ImageObject","inLanguage":"en-US","@id":"https:\/\/mammamiu.com\/de\/about\/#primaryimage","url":"https:\/\/mammamiu.com\/wp-content\/uploads\/2018\/04\/5.jpg","contentUrl":"https:\/\/mammamiu.com\/wp-content\/uploads\/2018\/04\/5.jpg"},{"@type":"BreadcrumbList","@id":"https:\/\/mammamiu.com\/de\/about\/#breadcrumb","itemListElement":[{"@type":"ListItem","position":1,"name":"Home","item":"https:\/\/mammamiu.com\/"},{"@type":"ListItem","position":2,"name":"\u00dcber mich"}]},{"@type":"WebSite","@id":"https:\/\/mammamiu.com\/de\/#website","url":"https:\/\/mammamiu.com\/de\/","name":"Miu Mau (\u042f\u043d\u0430 \u0424\u0440\u0430\u043d\u043a) - Illustrator","description":"Illustration and small edition gifts","potentialAction":[{"@type":"SearchAction","target":{"@type":"EntryPoint","urlTemplate":"https:\/\/mammamiu.com\/de\/?s={search_term_string}"},"query-input":{"@type":"PropertyValueSpecification","valueRequired":true,"valueName":"search_term_string"}}],"inLanguage":"en-US"}]}},"jetpack_sharing_enabled":true,"_links":{"self":[{"href":"https:\/\/mammamiu.com\/de\/wp-json\/wp\/v2\/pages\/469\/"}],"collection":[{"href":"https:\/\/mammamiu.com\/de\/wp-json\/wp\/v2\/pages\/"}],"about":[{"href":"https:\/\/mammamiu.com\/de\/wp-json\/wp\/v2\/types\/page\/"}],"author":[{"embeddable":true,"href":"https:\/\/mammamiu.com\/de\/wp-json\/wp\/v2\/users\/1\/"}],"replies":[{"embeddable":true,"href":"https:\/\/mammamiu.com\/de\/wp-json\/wp\/v2\/comments\/?post=469"}],"version-history":[{"count":15,"href":"https:\/\/mammamiu.com\/de\/wp-json\/wp\/v2\/pages\/469\/revisions\/"}],"predecessor-version":[{"id":9987,"href":"https:\/\/mammamiu.com\/de\/wp-json\/wp\/v2\/pages\/469\/revisions\/9987\/"}],"wp:attachment":[{"href":"https:\/\/mammamiu.com\/de\/wp-json\/wp\/v2\/media\/?parent=469"}],"curies":[{"name":"wp","href":"https:\/\/api.w.org\/{rel}","templated":true}]}}