{"id":816,"date":"2018-04-04T23:45:16","date_gmt":"2018-04-04T21:45:16","guid":{"rendered":"http:\/\/miumauillustratorand.apps-1and1.net\/?page_id=816"},"modified":"2018-04-04T23:45:16","modified_gmt":"2018-04-04T21:45:16","slug":"allgemeine-geschaeftsbedingungen","status":"publish","type":"page","link":"https:\/\/mammamiu.com\/de\/allgemeine-geschaeftsbedingungen\/","title":{"rendered":"Allgemeine Gesch\u00e4ftsbedingungen"},"content":{"rendered":"<h3>Vertragspartner<\/h3>\n<p>Auf Grundlage dieser Allgemeinen Gesch\u00e4ftsbedingungen (AGB) kommt zwischen dem Kunden und&nbsp;&nbsp;<a href=\"https:\/\/www.mammamiu.com\/www.%E2%80%A8mammamiu.com\">www.\u2028mammamiu.com<\/a><\/p>\n<ul>\n<li>Vertreten durch Frank Jana<\/li>\n<li>Adresse auf Anfrage<\/li>\n<li>Tel: +491719587573<\/li>\n<li>E-Mail-Adresse:&nbsp;<a href=\"mailto:mammamiu@gmail.com\">mammamiu@gmail.com<\/a><\/li>\n<\/ul>\n<p>Handelsregister: [Handelsregister]\u2028Handelsregisternummer:<br \/>\n[Handelsregisternummer]\u2028Umsatzsteuer-Identifikationsnummer: 35\/290\/60315\u2028,<br \/>\nnachfolgend Anbieter genannt, der Vertrag zustande.<\/p>\n<h3>Vertragsgegenstand<\/h3>\n<p>Durch diesen Vertrag wird der Verkauf von neue Waren aus dem Bereich\/den Bereichen Kunst &amp; Handwerk \u00fcber den Online-Shop des Anbieters geregelt. Wegen der Details des jeweiligen Angebotes wird auf die Produktbeschreibung der Angebotsseite verwiesen.<\/p>\n<h3>Vertragsschluss<\/h3>\n<p>Der Vertrag kommt im elektronischen Gesch\u00e4ftsverkehr \u00fcber das Shop-System oder \u00fcber andere Fernkommunikationsmittel wie Telefon und E-Mail zustande. Dabei stellen die dargestellten Angebote eine unverbindliche Aufforderung zur Abgabe eines Anbgebots durch die Kundenbestellung dar, das der Anbieter dann annehmen kann. Der Bestellvorgang zum Vertragsschluss umfasst im Shop-System folgende Schritte:<\/p>\n<ul>\n<li>Auswahl des Angebots in der gew\u00fcnschten Spezifikation (Gr\u00f6\u00dfe, Farbe, Anzahl)<\/li>\n<li>Einlegen des Angebots in den Warenkorb<\/li>\n<li>Bet\u00e4tigen des Buttons &#8216;bestellen&#8217;<\/li>\n<li>Eingabe der Rechnungs- und Lieferadresse<\/li>\n<li>Auswahl der Bezahlmethode<\/li>\n<li>\u00dcberpr\u00fcfung und Bearbeitung der Bestellung und aller Eingaben<\/li>\n<li>Bet\u00e4tigen des Buttons &#8216;kostenpflichtig bestellen&#8217;<\/li>\n<li>Best\u00e4tigungsmail, dass Bestellung eingegangen istBestellungen k\u00f6nnen neben dem Shop-System auch \u00fcber Fernkommunikationsmittel (Telefon\/E-Mail) aufgegeben werden, wodurch der Bestellvorgang zum Vertragsschluss folgende Schritte umfasst: Mit der Zusendung der Bestellbest\u00e4tigung kommt der Vertrag zustande.<\/li>\n<\/ul>\n<h3>Vertragsdauer<\/h3>\n<p>Der Vertrag wird auf unbestimmte Zeit geschlossen.<\/p>\n<h3>Eigentumsvorbehalt<\/h3>\n<p>Bis zur vollst\u00e4ndigen Bezahlung bleibt die gelieferte Ware im Eigentum des Anbieters.<\/p>\n<h3>Vorbehalte<\/h3>\n<p>Der Anbieter beh\u00e4lt sich vor, im Falle der Nichtverf\u00fcgbarkeit der versprochenen Leistung diese nicht zu erbringen.<\/p>\n<h3>Preise, Versandkosten, R\u00fccksendekosten<\/h3>\n<p>Alle Preise sind Endpreise und enthalten gem. \u00a7 19 Abs. 1 UStG keine Umsatzsteuer (Mehrwertsteuer). Neben den Endpreisen fallen je nach Versandart weitere Kosten an, die vor Versendung der Bestellung angezeigt werden. Der Anbieter tr\u00e4gt die Kosten der berechtigten R\u00fccksendung im Falle eines Widerrufs.<\/p>\n<h3>Zahlungsbedingungen<\/h3>\n<p>Der Kunde hat ausschlie\u00dflich folgende M\u00f6glichkeiten zur Zahlung: Vorab\u00fcberweisung, Zahlungsdienstleister (PayPal), Kreditkarte. Weitere Zahlungsarten werden nicht angeboten und werden zur\u00fcckgewiesen.\u2028Der Rechnungsbetrag ist nach Zugang der Rechnung, die alle Angaben f\u00fcr die \u00dcberweisung enth\u00e4lt und mit E-Mail verschickt wird, auf das dort angegebene Konto vorab zu \u00fcberweisen. Bei Verwendung eines Treuhandservice\/ Zahlungsdienstleisters erm\u00f6glicht es dieser dem Anbieter und Kunden, die Zahlung untereinander abzuwickeln. Dabei leitet der Treuhandservice\/ Zahlungsdienstleister die Zahlung des Kunden anden Anbieter weiter. Weitere Informationen erhalten Sie auf der Internetseite des jeweiligen Treuhandservices\/ Zahlungsdienstleisters. Bei Zahlung \u00fcber Kreditkarte muss der Kunde der Karteninhaber sein. Die Belastung der Kreditkarte erfolgt nach Versand der Ware. Der Kunde ist verpflichtet innerhalb von 3 Tagen nach Erhalt der Rechnung den ausgewiesenen Betrag auf das auf der Rechnung angegebene Konto einzuzahlen oder zu \u00fcberweisen. Die Zahlung ist ab Rechnungsdatum ohne Abzug f\u00e4llig. Der Kunde kommt erst nach Mahnung in Verzug.<\/p>\n<h3>Lieferbedingungen<\/h3>\n<p>Die Ware wird umgehend nach best\u00e4tigtem Zahlungseingang versandt. Der Versand erfolgt durchschnittlich sp\u00e4testens nach 3 Tagen. Die Regellieferzeit wird bei Auswahl der Versandart angezeigt. Der Anbieter versendet die Bestellung aus eigenem Lager, sobald die gesamte Bestellung dort vorr\u00e4tig ist. Der Kunde wird \u00fcber Verz\u00f6gerungen umgehend informiert. Hat der Anbieter ein dauerhaftes Lieferhindernis, insbesondere h\u00f6here Gewalt oder Nichtbelieferung durch eigenen Lieferanten, obwohl rechtzeitig ein entsprechendes Deckungsgesch\u00e4ft get\u00e4tigt wurde, nicht zu vertreten, so hat der Anbieter das Recht, insoweit von einem Vertrag mit dem Kunden zur\u00fcckzutreten. Der Kunde wird dar\u00fcber unverz\u00fcglich informiert und empfangene Leistungen, insbesondere Zahlungen, zur\u00fcckerstattet<\/p>\n<h3>Gew\u00e4hrleistung<\/h3>\n<p>Ist der Kunde Unternehmer, wird f\u00fcr Neuwaren die Gew\u00e4hrleistungsfrist auf ein Jahr beschr\u00e4nkt. Ist der Kunde Unternehmer, wird f\u00fcr Gebrauchtwaren die Gew\u00e4hrleistung ausgeschlossen. Ist der Kunde Verbraucher, wird f\u00fcr gebrauchte Waren die Gew\u00e4hrleistungsfrist auf ein Jahr beschr\u00e4nkt. Dies gilt nicht f\u00fcr Schadensersatzanspr\u00fcche des Kunden wegen Verletzung des Lebens, des K\u00f6rpers, der Gesundheit oder wesentlicher Vertragspflichten, welche zur Erreichung des Vertragszieles notwendigerweise erf\u00fcllt werden m\u00fcssen. Ebenso gilt dies nicht f\u00fcr Schadensersatzanspr\u00fcche nach grob fahrl\u00e4ssiger oder vors\u00e4tzlicher Pflichtverletzung des Anbieters oder seines gesetzlichen Vertreters oder Erf\u00fcllungsgehilfen. Im \u00dcbrigen gelten die gesetzlichen Regelungen.<\/p>\n<h3>Vertragsgestaltung<\/h3>\n<p>Der Kunde hat keine M\u00f6glichkeit selbst direkt auf den gespeicherten Vertragstext zuzugreifen. Der Kunde kann Fehler in der Eingabe w\u00e4hrend des Bestellvorganges korrigieren. Hierzu kann er folgenderma\u00dfen vorgehen: Durch Einloggen in das pers\u00f6nliche Profil.<\/p>\n<h3>Widerrufsrecht und Kundendienst<\/h3>\n<p>Widerrufsbelehrung \u2028\u2028Widerrufsrecht\u2028\u2028 Sie haben das Recht, binnen vierzehn Tagen ohne Angabe von Gr\u00fcnden diesen Vertrag zu widerrufen.\u2028\u2028Die Widerrufsfrist betr\u00e4gt vierzehn Tage ab dem Tag<\/p>\n<ul>\n<li>Im Falle eines Kaufvertrags: an dem Sie oder ein von Ihnen benannter Dritter, der nicht der Bef\u00f6rderer ist, die letzte Ware in Besitz genommen haben bzw. hat.<\/li>\n<li>Im Falle einer Vertrags \u00fcber mehrere Waren, die der Verbraucher im Rahmen einer einheitlichen Bestellung bestellt hat und die getrennt geliefert werden: an dem Sie oder ein von Ihnen benannter Dritter, der nicht Bef\u00f6rderer ist, die letzte Ware in Besitz genommen haben bzw. hat.<\/li>\n<li>Im Falle eines Vertrags \u00fcber die Lieferung einer Ware in mehreren Teilsendungen oder St\u00fccken: an dem Sie oder ein von Ihnen benannter Dritter, der nicht Bef\u00f6rderer ist, die letzte Teilsendung oder das letzte St\u00fcck in Besitz genommen haben bzw. hat.<\/li>\n<li>Im Falle eines Vertrages zur regelm\u00e4\u00dfigen Lieferung von Waren \u00fcber einen festgelegten Zeitraum hinweg: an dem Sie oder ein von Ihnen benannter Dritter, der nicht Bef\u00f6rderer ist, die erste Ware in Besitz genommen haben bzw. hat.<\/li>\n<\/ul>\n<p>Beim Zusammentreffen mehrerer Alternativen ist der jeweils letzte Zeitpunkt ma\u00dfgeblich.<\/p>\n<p>Um Ihr Widerrufsrecht auszu\u00fcben, m\u00fcssen Sie uns (mammamiu.com, Frank Jana, +491719587573 mammamiu@gmail.com) mittels einer eindeutigen Erkl\u00e4rung (z.B. ein mit der Post versandter Brief, Telefax, oder E-Mail) \u00fcber Ihren Entschluss, diesen Vertrag zu widerrufen, informieren. Sie k\u00f6nnen daf\u00fcr das beigef\u00fcgte Muster-Widerrufsformular verwenden, das jedoch nicht vorgeschrieben ist.<\/p>\n<p>Zur Wahrung der Widerrufsfrist reicht es aus, dass Sie die Mitteilung \u00fcber die Aus\u00fcbung des Widerrufsrechts vor Ablauf der Widerrufsfrist absenden.<\/p>\n<h3>Folgen des Widerrufs<\/h3>\n<p>Wenn Sie diesen Vertag widerrufen, haben wir Ihnen alle Zahlungen, die wir von Ihnen erhalten haben, einschlie\u00dflich der Lieferkosten (mit Ausnahmen der zus\u00e4tzlichen Kosten, die sich daraus ergeben, dass Sie einer andere Art der Lieferung als die von uns angebotene, g\u00fcnstige Standardlieferung gew\u00e4hlt haben), unverz\u00fcglich und sp\u00e4testens binnen vierzehn Tagen ab dem Tag zur\u00fcckzuzahlen, an dem die Mitteilung \u00fcber Ihren Widerruf dieses Vertrags bei uns eingegangen ist. F\u00fcr diese R\u00fcckzahlung verwenden wir dasselbe Zahlungsmittel, das Sie bei der urspr\u00fcnglichen Transaktion eingesetzt haben, es sei denn, mit Ihnen wurde ausdr\u00fccklich etwas anderes vereinbart; in keinem Fall werden Ihnen wegen dieser R\u00fcckzahlung Entgelte berechnet. Wir k\u00f6nnen die R\u00fcckzahlung verweigern, bis wir die Waren wieder zur\u00fcckerhalten haben oder bis Sie den Nachweis erbracht haben, dass Sie die Waren zur\u00fcckgesandt haben, je nachdem, welches der fr\u00fchere Zeitpunkt ist.<\/p>\n<p>Sie haben die Waren unverz\u00fcglich und in jedem Fall sp\u00e4testens binnen vierzehn Tagen ab dem Tag, an dem Sie uns \u00fcber den Widerruf dieses Vertrags unterrichten, an mammamiu.com, Frank Jana, Wilhelm-Wolff-Str. 20 13156 Berlin +491719587573 mammamiu@gmail.com uns zur\u00fcckzusenden oder zu \u00fcbergeben. Die Frist ist gewahrt, wenn Sie die Waren vor Ablauf der Frist von vierzehn Tagen absenden.<\/p>\n<p>Wir tragen die Kosten der R\u00fccksendung der Waren.<\/p>\n<p>Sie m\u00fcssen f\u00fcr einen etwaigen Wertverlust der Waren nur aufkommen, wenn dieser Wertverlust auf einen zur Pr\u00fcfung der Beschaffenheit, Eigenschaften und Funktionsweise der Waren nicht notwendigen Umgang mit ihnen zur\u00fcckzuf\u00fchren ist.<\/p>\n<h3>Ende der Widerrufsbelehrung<\/h3>\n<p>Sie erreichen unseren Kundendienst zu folgenden Zeiten unter: mammamiu.com, Frank Jana,<\/p>\n<p>+491719587573 mammamiu@gmail.com \u00d6ffnungszeiten: Mo-Fr 12.00-22.00 MESZ\/CET<\/p>\n<h3>Haftungsausschluss<\/h3>\n<p>Schadensersatzanspr\u00fcche des Kunden sind ausgeschlossen, soweit sich aus den nachfolgenden Gr\u00fcnden nicht etwas anderes ergibt. Dies gilt auch f\u00fcr den Vertreter und Erf\u00fcllungsgehilfen des Anbieters, falls der Kunde gegen diese Anspr\u00fcche auf Schadensersatz erhebt. Ausgenommen sind Schadensersatzanspr\u00fcche des Kunden wegen Verletzung des Lebens, des K\u00f6rpers, der Gesundheit oder wesentlicher Vertragspflichten, welche zur Erreichung des Vertragszieles notwendigerweise erf\u00fcllt werden m\u00fcssen. Ebenso gilt dies nicht f\u00fcr Schadensersatzanspr\u00fcche nach grob fahrl\u00e4ssiger oder vors\u00e4tzlicher Pflichtverletzung des Anbieters oder seines gesetzlichen Vertreters oder Erf\u00fcllungsgehilfen.<\/p>\n<h3>Abtretungs- und Verpf\u00e4ndungsverbot<\/h3>\n<p>Anspr\u00fcche oder Rechte des Kunden gegen den Anbieter d\u00fcrfen ohne dessen Zustimmung nicht abgetreten oder verpf\u00e4ndet werden, es sei denn der Kunde hat ein berechtigtes Interesse an der Abtretung oder Verpf\u00e4ndung nachgewiesen.<\/p>\n<h3>Sprache, Gerichtsstand und anzuwendendes Recht<\/h3>\n<p>Der Vertrag wird in Englisch, Deutsch abgefasst. Die weitere Durchf\u00fchrung der Vertragsbeziehung erfolgt in Englisch, Deutsch. Es findet ausschlie\u00dflich das Recht der Bundesrepublik Deutschland Anwendung. F\u00fcr Verbraucher gilt dies nur insoweit, als dadurch keine gesetzlichen Bestimmungen des Staates eingeschr\u00e4nkt werden, in dem der Kunde seinen Wohnsitz oder gew\u00f6hnlichen Aufenthalt hat. Gerichtsstand ist bei Streitigkeiten mit Kunden, die kein Verbraucher, juristische Person des \u00f6ffentlichen Rechts oder \u00f6ffentlich-rechtliches Sonderverm\u00f6gen sind, Sitz des Anbieters.<\/p>\n<h3>Datenschutz<\/h3>\n<p>Im Zusammenhang mit der Anbahnung, Abschluss, Abwicklung und R\u00fcckabwicklung eines Kaufvertrages auf Grundlage dieser AGB werden vom Anbieter Daten erhoben, gespeichert und verarbeitet. Dies geschieht im Rahmen der gesetzlichen Bestimmungen. Der Anbieter gibt keine personenbezogenen Daten des Kunden an Dritte weiter, es sei denn, dass er hierzu gesetzlich verpflichtet w\u00e4re oder der Kunde vorher ausdr\u00fccklich eingewilligt hat. Wird ein Dritter f\u00fcr Dienstleistungen im Zusammenhang mit der Abwicklung von Verarbeitungsprozessen eingesetzt, so werden die Bestimmungen des Bundesdatenschutzgesetzes eingehalten. Die vom Kunden im Wege der Bestellung mitgeteilten Daten werden ausschlie\u00dflich zur Kontaktaufnahme innerhalb des Rahmens der Vertragsabwicklung und nur zu dem Zweck verarbeitet, zu dem der Kunde die Daten zur Verf\u00fcgung gestellt hat. Die Daten werden nur soweit notwendig an das Versandunternehmen, das die Lieferung der Ware auftragsgem\u00e4\u00df \u00fcbernimmt, weitergegeben. Die Zahlungsdaten werden an das mit der Zahlung beauftragte Kreditinstitut weitergegeben. Soweit den Anbieter Aufbewahrungsfristen handels- oder steuerrechtlicher Natur treffen, kann die Speicherung einiger Daten bis zu zehn Jahre dauern. W\u00e4hrend des Besuchs im Internet-Shop des Anbieters werden anonymisierte Daten, die keine R\u00fcckschl\u00fcssen auf personenbezogene Daten zulassen und auch nicht beabsichtigen, insbesondere IP-Adresse, Datum, Uhrzeit, Browsertyp, Betriebssystem und besuchte Seiten, protokolliert. Auf Wunsch des Kunden werden im Rahmen der gesetzlichen Bestimmungen die personenbezogenen Daten gel\u00f6scht, korrigiert oder gesperrt. Eine unentgeltliche Auskunft \u00fcber alle personenbezogenen Daten des Kunden ist m\u00f6glich. F\u00fcr Fragen und Antr\u00e4ge auf L\u00f6schung, Korrektur oder Sperrung personenbezogener Daten sowie<\/p>\n<p>Erhebung, Verarbeitung und Nutzung kann sich der Kunde an folgende Adresse wenden:&nbsp;<a href=\"https:\/\/www.mammamiu.com\">www.mammamiu.com<\/a><\/p>\n<ul>\n<li>Vertreten durch Frank Jana<\/li>\n<li>Adresse auf Anfrage<\/li>\n<li>Tel: +491719587573<\/li>\n<li>E-Mail-Adresse:&nbsp;<a href=\"mailto:mammamiu@gmail.com\">mammamiu@gmail.com<\/a><\/li>\n<\/ul>\n<p>&nbsp;<\/p>\n","protected":false},"excerpt":{"rendered":"<p>Vertragspartner Auf Grundlage dieser Allgemeinen Gesch\u00e4ftsbedingungen (AGB) kommt zwischen dem Kunden und&nbsp;&nbsp;www.\u2028mammamiu.com Vertreten durch Frank Jana Adresse auf Anfrage Tel: +491719587573 E-Mail-Adresse:&nbsp;mammamiu@gmail.com Handelsregister: [Handelsregister]\u2028Handelsregisternummer: [Handelsregisternummer]\u2028Umsatzsteuer-Identifikationsnummer: 35\/290\/60315\u2028, nachfolgend Anbieter genannt, der Vertrag zustande. Vertragsgegenstand Durch diesen Vertrag wird der Verkauf von neue Waren aus dem Bereich\/den Bereichen Kunst &amp; Handwerk \u00fcber den Online-Shop des Anbieters geregelt&#8230;.<\/p>\n","protected":false},"author":1,"featured_media":0,"parent":0,"menu_order":0,"comment_status":"closed","ping_status":"closed","template":"","meta":{"ngg_post_thumbnail":0,"footnotes":""},"class_list":["post-816","page","type-page","status-publish","hentry"],"yoast_head":"<!-- This site is optimized with the Yoast SEO plugin v27.3 - https:\/\/yoast.com\/product\/yoast-seo-wordpress\/ -->\n<title>Allgemeine Gesch\u00e4ftsbedingungen - Miu Mau (\u042f\u043d\u0430 \u0424\u0440\u0430\u043d\u043a) - Illustrator<\/title>\n<meta name=\"robots\" content=\"index, follow, max-snippet:-1, max-image-preview:large, max-video-preview:-1\" \/>\n<link rel=\"canonical\" href=\"https:\/\/mammamiu.com\/allgemeine-geschaeftsbedingungen\/\" \/>\n<meta property=\"og:locale\" content=\"en_US\" \/>\n<meta property=\"og:type\" content=\"article\" \/>\n<meta property=\"og:title\" content=\"Allgemeine Gesch\u00e4ftsbedingungen - Miu Mau (\u042f\u043d\u0430 \u0424\u0440\u0430\u043d\u043a) - Illustrator\" \/>\n<meta property=\"og:description\" content=\"Vertragspartner Auf Grundlage dieser Allgemeinen Gesch\u00e4ftsbedingungen (AGB) kommt zwischen dem Kunden und&nbsp;&nbsp;www.\u2028mammamiu.com Vertreten durch Frank Jana Adresse auf Anfrage Tel: +491719587573 E-Mail-Adresse:&nbsp;mammamiu@gmail.com Handelsregister: [Handelsregister]\u2028Handelsregisternummer: [Handelsregisternummer]\u2028Umsatzsteuer-Identifikationsnummer: 35\/290\/60315\u2028, nachfolgend Anbieter genannt, der Vertrag zustande. Vertragsgegenstand Durch diesen Vertrag wird der Verkauf von neue Waren aus dem Bereich\/den Bereichen Kunst &amp; Handwerk \u00fcber den Online-Shop des Anbieters geregelt....\" \/>\n<meta property=\"og:url\" content=\"https:\/\/mammamiu.com\/de\/allgemeine-geschaeftsbedingungen\/\" \/>\n<meta property=\"og:site_name\" content=\"Miu Mau (\u042f\u043d\u0430 \u0424\u0440\u0430\u043d\u043a) - Illustrator\" \/>\n<meta name=\"twitter:label1\" content=\"Est. reading time\" \/>\n\t<meta name=\"twitter:data1\" content=\"9 minutes\" \/>\n<script type=\"application\/ld+json\" class=\"yoast-schema-graph\">{\"@context\":\"https:\\\/\\\/schema.org\",\"@graph\":[{\"@type\":\"WebPage\",\"@id\":\"https:\\\/\\\/mammamiu.com\\\/de\\\/allgemeine-geschaeftsbedingungen\\\/\",\"url\":\"https:\\\/\\\/mammamiu.com\\\/de\\\/allgemeine-geschaeftsbedingungen\\\/\",\"name\":\"Allgemeine Gesch\u00e4ftsbedingungen - Miu Mau (\u042f\u043d\u0430 \u0424\u0440\u0430\u043d\u043a) - Illustrator\",\"isPartOf\":{\"@id\":\"https:\\\/\\\/mammamiu.com\\\/de\\\/#website\"},\"datePublished\":\"2018-04-04T21:45:16+00:00\",\"breadcrumb\":{\"@id\":\"https:\\\/\\\/mammamiu.com\\\/de\\\/allgemeine-geschaeftsbedingungen\\\/#breadcrumb\"},\"inLanguage\":\"en-US\",\"potentialAction\":[{\"@type\":\"ReadAction\",\"target\":[\"https:\\\/\\\/mammamiu.com\\\/de\\\/allgemeine-geschaeftsbedingungen\\\/\"]}]},{\"@type\":\"BreadcrumbList\",\"@id\":\"https:\\\/\\\/mammamiu.com\\\/de\\\/allgemeine-geschaeftsbedingungen\\\/#breadcrumb\",\"itemListElement\":[{\"@type\":\"ListItem\",\"position\":1,\"name\":\"Home\",\"item\":\"https:\\\/\\\/mammamiu.com\\\/\"},{\"@type\":\"ListItem\",\"position\":2,\"name\":\"Allgemeine Gesch\u00e4ftsbedingungen\"}]},{\"@type\":\"WebSite\",\"@id\":\"https:\\\/\\\/mammamiu.com\\\/de\\\/#website\",\"url\":\"https:\\\/\\\/mammamiu.com\\\/de\\\/\",\"name\":\"Miu Mau (\u042f\u043d\u0430 \u0424\u0440\u0430\u043d\u043a) - Illustrator\",\"description\":\"Illustration and small edition gifts\",\"potentialAction\":[{\"@type\":\"SearchAction\",\"target\":{\"@type\":\"EntryPoint\",\"urlTemplate\":\"https:\\\/\\\/mammamiu.com\\\/de\\\/?s={search_term_string}\"},\"query-input\":{\"@type\":\"PropertyValueSpecification\",\"valueRequired\":true,\"valueName\":\"search_term_string\"}}],\"inLanguage\":\"en-US\"}]}<\/script>\n<!-- \/ Yoast SEO plugin. -->","yoast_head_json":{"title":"Allgemeine Gesch\u00e4ftsbedingungen - Miu Mau (\u042f\u043d\u0430 \u0424\u0440\u0430\u043d\u043a) - Illustrator","robots":{"index":"index","follow":"follow","max-snippet":"max-snippet:-1","max-image-preview":"max-image-preview:large","max-video-preview":"max-video-preview:-1"},"canonical":"https:\/\/mammamiu.com\/allgemeine-geschaeftsbedingungen\/","og_locale":"en_US","og_type":"article","og_title":"Allgemeine Gesch\u00e4ftsbedingungen - Miu Mau (\u042f\u043d\u0430 \u0424\u0440\u0430\u043d\u043a) - Illustrator","og_description":"Vertragspartner Auf Grundlage dieser Allgemeinen Gesch\u00e4ftsbedingungen (AGB) kommt zwischen dem Kunden und&nbsp;&nbsp;www.\u2028mammamiu.com Vertreten durch Frank Jana Adresse auf Anfrage Tel: +491719587573 E-Mail-Adresse:&nbsp;mammamiu@gmail.com Handelsregister: [Handelsregister]\u2028Handelsregisternummer: [Handelsregisternummer]\u2028Umsatzsteuer-Identifikationsnummer: 35\/290\/60315\u2028, nachfolgend Anbieter genannt, der Vertrag zustande. Vertragsgegenstand Durch diesen Vertrag wird der Verkauf von neue Waren aus dem Bereich\/den Bereichen Kunst &amp; Handwerk \u00fcber den Online-Shop des Anbieters geregelt....","og_url":"https:\/\/mammamiu.com\/de\/allgemeine-geschaeftsbedingungen\/","og_site_name":"Miu Mau (\u042f\u043d\u0430 \u0424\u0440\u0430\u043d\u043a) - Illustrator","twitter_misc":{"Est. reading time":"9 minutes"},"schema":{"@context":"https:\/\/schema.org","@graph":[{"@type":"WebPage","@id":"https:\/\/mammamiu.com\/de\/allgemeine-geschaeftsbedingungen\/","url":"https:\/\/mammamiu.com\/de\/allgemeine-geschaeftsbedingungen\/","name":"Allgemeine Gesch\u00e4ftsbedingungen - Miu Mau (\u042f\u043d\u0430 \u0424\u0440\u0430\u043d\u043a) - Illustrator","isPartOf":{"@id":"https:\/\/mammamiu.com\/de\/#website"},"datePublished":"2018-04-04T21:45:16+00:00","breadcrumb":{"@id":"https:\/\/mammamiu.com\/de\/allgemeine-geschaeftsbedingungen\/#breadcrumb"},"inLanguage":"en-US","potentialAction":[{"@type":"ReadAction","target":["https:\/\/mammamiu.com\/de\/allgemeine-geschaeftsbedingungen\/"]}]},{"@type":"BreadcrumbList","@id":"https:\/\/mammamiu.com\/de\/allgemeine-geschaeftsbedingungen\/#breadcrumb","itemListElement":[{"@type":"ListItem","position":1,"name":"Home","item":"https:\/\/mammamiu.com\/"},{"@type":"ListItem","position":2,"name":"Allgemeine Gesch\u00e4ftsbedingungen"}]},{"@type":"WebSite","@id":"https:\/\/mammamiu.com\/de\/#website","url":"https:\/\/mammamiu.com\/de\/","name":"Miu Mau (\u042f\u043d\u0430 \u0424\u0440\u0430\u043d\u043a) - Illustrator","description":"Illustration and small edition gifts","potentialAction":[{"@type":"SearchAction","target":{"@type":"EntryPoint","urlTemplate":"https:\/\/mammamiu.com\/de\/?s={search_term_string}"},"query-input":{"@type":"PropertyValueSpecification","valueRequired":true,"valueName":"search_term_string"}}],"inLanguage":"en-US"}]}},"jetpack_sharing_enabled":true,"_links":{"self":[{"href":"https:\/\/mammamiu.com\/de\/wp-json\/wp\/v2\/pages\/816\/"}],"collection":[{"href":"https:\/\/mammamiu.com\/de\/wp-json\/wp\/v2\/pages\/"}],"about":[{"href":"https:\/\/mammamiu.com\/de\/wp-json\/wp\/v2\/types\/page\/"}],"author":[{"embeddable":true,"href":"https:\/\/mammamiu.com\/de\/wp-json\/wp\/v2\/users\/1\/"}],"replies":[{"embeddable":true,"href":"https:\/\/mammamiu.com\/de\/wp-json\/wp\/v2\/comments\/?post=816"}],"version-history":[{"count":1,"href":"https:\/\/mammamiu.com\/de\/wp-json\/wp\/v2\/pages\/816\/revisions\/"}],"predecessor-version":[{"id":817,"href":"https:\/\/mammamiu.com\/de\/wp-json\/wp\/v2\/pages\/816\/revisions\/817\/"}],"wp:attachment":[{"href":"https:\/\/mammamiu.com\/de\/wp-json\/wp\/v2\/media\/?parent=816"}],"curies":[{"name":"wp","href":"https:\/\/api.w.org\/{rel}","templated":true}]}}